{"id":4023,"date":"2025-04-27T20:00:25","date_gmt":"2025-04-27T20:00:25","guid":{"rendered":"https:\/\/charming-buck.93-93-118-175.plesk.page\/?page_id=4023"},"modified":"2025-05-15T17:03:43","modified_gmt":"2025-05-15T17:03:43","slug":"oferta-educativa","status":"publish","type":"page","link":"https:\/\/charming-buck.93-93-118-175.plesk.page\/index.php\/oferta-educativa\/","title":{"rendered":"Oferta educativa"},"content":{"rendered":"<p>[et_pb_section fb_built=\u00bb1&#8243; _builder_version=\u00bb4.27.4&#8243; _module_preset=\u00bbdefault\u00bb background_color=\u00bb#0a0000&#8243; use_background_color_gradient=\u00bbon\u00bb background_color_gradient_type=\u00bbcircular\u00bb background_color_gradient_stops=\u00bbrgba(51,51,51,0.5) 0%|rgba(1,10,6,0.5) 100%\u00bb background_color_gradient_overlays_image=\u00bbon\u00bb background_image=\u00bbhttps:\/\/charming-buck.93-93-118-175.plesk.page\/wp-content\/uploads\/2025\/04\/15907-rotated.jpg\u00bb background_position=\u00bbtop_center\u00bb background_vertical_offset=\u00bb32%\u00bb background_blend=\u00bbdarken\u00bb custom_padding=\u00bb||||true|false\u00bb global_colors_info=\u00bb{}\u00bb][et_pb_row _builder_version=\u00bb4.27.4&#8243; _module_preset=\u00bbdefault\u00bb global_colors_info=\u00bb{}\u00bb][et_pb_column type=\u00bb4_4&#8243; _builder_version=\u00bb4.27.4&#8243; _module_preset=\u00bbdefault\u00bb global_colors_info=\u00bb{}\u00bb][et_pb_heading title=\u00bbOferta educativa\u00bb _builder_version=\u00bb4.27.4&#8243; _module_preset=\u00bbdefault\u00bb title_font=\u00bbFujiyama 2|300|||||||\u00bb title_text_color=\u00bb#FFFFFF\u00bb global_colors_info=\u00bb{}\u00bb][\/et_pb_heading][\/et_pb_column][\/et_pb_row][\/et_pb_section][et_pb_section fb_built=\u00bb1&#8243; _builder_version=\u00bb4.27.4&#8243; _module_preset=\u00bbdefault\u00bb global_colors_info=\u00bb{}\u00bb][et_pb_row column_structure=\u00bb1_2,1_2&#8243; _builder_version=\u00bb4.27.4&#8243; _module_preset=\u00bbdefault\u00bb global_colors_info=\u00bb{}\u00bb][et_pb_column type=\u00bb1_2&#8243; _builder_version=\u00bb4.27.4&#8243; _module_preset=\u00bbdefault\u00bb global_colors_info=\u00bb{}\u00bb][et_pb_heading title=\u00bbESO\u00bb _builder_version=\u00bb4.27.4&#8243; _module_preset=\u00bbdefault\u00bb title_level=\u00bbh2&#8243; title_font=\u00bbFujiyama 2|300|||||||\u00bb global_colors_info=\u00bb{}\u00bb][\/et_pb_heading][et_pb_text _builder_version=\u00bb4.27.4&#8243; _module_preset=\u00bbdefault\u00bb global_colors_info=\u00bb{}\u00bb]<\/p>\n<p>La Educaci\u00f3n Secundaria Obligatoria (ESO) es una etapa gratuita y obligatoria que completa la educaci\u00f3n b\u00e1sica. Se organiza en dos ciclos: el primero abarca primero, segundo y tercero; el segundo, el cuarto curso, enfocado a preparar al alumnado para estudios posteriores.<\/p>\n<p>[\/et_pb_text][et_pb_button button_text=\u00bbM\u00e1s info\u00bb button_alignment=\u00bbcenter\u00bb _builder_version=\u00bb4.27.4&#8243; _module_preset=\u00bbdefault\u00bb hover_enabled=\u00bb0&#8243; global_colors_info=\u00bb{}\u00bb button_url=\u00bb@ET-DC@eyJkeW5hbWljIjp0cnVlLCJjb250ZW50IjoicG9zdF9saW5rX3VybF9wYWdlIiwic2V0dGluZ3MiOnsicG9zdF9pZCI6IjQwMjUifX0=@\u00bb _dynamic_attributes=\u00bbbutton_url\u00bb sticky_enabled=\u00bb0&#8243;][\/et_pb_button][\/et_pb_column][et_pb_column type=\u00bb1_2&#8243; _builder_version=\u00bb4.27.4&#8243; _module_preset=\u00bbdefault\u00bb global_colors_info=\u00bb{}\u00bb][et_pb_heading title=\u00bbBachillerato\u00bb _builder_version=\u00bb4.27.4&#8243; _module_preset=\u00bbdefault\u00bb title_level=\u00bbh2&#8243; title_font=\u00bbFujiyama 2|300|||||||\u00bb global_colors_info=\u00bb{}\u00bb][\/et_pb_heading][et_pb_text _builder_version=\u00bb4.27.4&#8243; _module_preset=\u00bbdefault\u00bb global_colors_info=\u00bb{}\u00bb]<\/p>\n<p>El Bachillerato es una etapa postobligatoria destinada a j\u00f3venes de 16 a 18 a\u00f1os. Su organizaci\u00f3n es flexible para adaptarse a los intereses del alumnado, y busca proporcionar formaci\u00f3n, madurez y habilidades para afrontar estudios posteriores o la vida laboral con responsabilidad.<\/p>\n<p>[\/et_pb_text][et_pb_button button_text=\u00bbM\u00e1s info\u00bb button_alignment=\u00bbcenter\u00bb _builder_version=\u00bb4.27.4&#8243; _module_preset=\u00bbdefault\u00bb global_colors_info=\u00bb{}\u00bb][\/et_pb_button][\/et_pb_column][\/et_pb_row][et_pb_row _builder_version=\u00bb4.27.4&#8243; _module_preset=\u00bbdefault\u00bb global_colors_info=\u00bb{}\u00bb][et_pb_column type=\u00bb4_4&#8243; _builder_version=\u00bb4.27.4&#8243; _module_preset=\u00bbdefault\u00bb global_colors_info=\u00bb{}\u00bb][et_pb_divider color=\u00bb#F16CB9&#8243; divider_weight=\u00bb3px\u00bb _builder_version=\u00bb4.27.4&#8243; _module_preset=\u00bbdefault\u00bb global_colors_info=\u00bb{}\u00bb][\/et_pb_divider][\/et_pb_column][\/et_pb_row][et_pb_row _builder_version=\u00bb4.27.4&#8243; _module_preset=\u00bbdefault\u00bb global_colors_info=\u00bb{}\u00bb][et_pb_column type=\u00bb4_4&#8243; _builder_version=\u00bb4.27.4&#8243; _module_preset=\u00bbdefault\u00bb global_colors_info=\u00bb{}\u00bb][et_pb_heading title=\u00bbCiclos formativos de grado b\u00e1sico\u00bb _builder_version=\u00bb4.27.4&#8243; _module_preset=\u00bbdefault\u00bb title_level=\u00bbh2&#8243; title_font=\u00bbFujiyama 2|300|||||||\u00bb global_colors_info=\u00bb{}\u00bb][\/et_pb_heading][et_pb_text _builder_version=\u00bb4.27.4&#8243; _module_preset=\u00bbdefault\u00bb global_colors_info=\u00bb{}\u00bb]<\/p>\n<p>Con un Ciclo Formativo de Grado B\u00e1sico aumentar\u00e9 mis posibilidades tanto de continuar mis estudios como de incorporarme al mercado laboral.<\/p>\n<p>&nbsp;<\/p>\n<p>[\/et_pb_text][et_pb_button button_text=\u00bbClics\u00bb _builder_version=\u00bb4.27.4&#8243; _module_preset=\u00bbdefault\u00bb global_colors_info=\u00bb{}\u00bb][\/et_pb_button][\/et_pb_column][\/et_pb_row][et_pb_row _builder_version=\u00bb4.27.4&#8243; _module_preset=\u00bbdefault\u00bb global_colors_info=\u00bb{}\u00bb][et_pb_column type=\u00bb4_4&#8243; _builder_version=\u00bb4.27.4&#8243; _module_preset=\u00bbdefault\u00bb global_colors_info=\u00bb{}\u00bb][et_pb_divider color=\u00bb#F16CB9&#8243; divider_weight=\u00bb3px\u00bb _builder_version=\u00bb4.27.4&#8243; _module_preset=\u00bbdefault\u00bb global_colors_info=\u00bb{}\u00bb][\/et_pb_divider][\/et_pb_column][\/et_pb_row][et_pb_row _builder_version=\u00bb4.27.4&#8243; _module_preset=\u00bbdefault\u00bb global_colors_info=\u00bb{}\u00bb][et_pb_column type=\u00bb4_4&#8243; _builder_version=\u00bb4.27.4&#8243; _module_preset=\u00bbdefault\u00bb global_colors_info=\u00bb{}\u00bb][et_pb_heading title=\u00bbCiclos formativos de grado medio\u00bb _builder_version=\u00bb4.27.4&#8243; _module_preset=\u00bbdefault\u00bb title_level=\u00bbh2&#8243; title_font=\u00bbFujiyama 2|300|||||||\u00bb global_colors_info=\u00bb{}\u00bb][\/et_pb_heading][et_pb_text _builder_version=\u00bb4.27.4&#8243; _module_preset=\u00bbdefault\u00bb global_colors_info=\u00bb{}\u00bb]<\/p>\n<p>Un ciclo formativo de grado medio me proporciona una formaci\u00f3n que me permitir\u00e1 desarrollar un trabajo de ejecuci\u00f3n de forma aut\u00f3noma donde utilizar\u00e9 instrumentos y t\u00e9cnicas aprendidos.<\/p>\n<p>&nbsp;<\/p>\n<p>[\/et_pb_text][et_pb_button button_text=\u00bbClics\u00bb _builder_version=\u00bb4.27.4&#8243; _module_preset=\u00bbdefault\u00bb global_colors_info=\u00bb{}\u00bb][\/et_pb_button][\/et_pb_column][\/et_pb_row][et_pb_row _builder_version=\u00bb4.27.4&#8243; _module_preset=\u00bbdefault\u00bb global_colors_info=\u00bb{}\u00bb][et_pb_column type=\u00bb4_4&#8243; _builder_version=\u00bb4.27.4&#8243; _module_preset=\u00bbdefault\u00bb global_colors_info=\u00bb{}\u00bb][et_pb_divider color=\u00bb#F16CB9&#8243; divider_weight=\u00bb3px\u00bb _builder_version=\u00bb4.27.4&#8243; _module_preset=\u00bbdefault\u00bb global_colors_info=\u00bb{}\u00bb][\/et_pb_divider][\/et_pb_column][\/et_pb_row][et_pb_row _builder_version=\u00bb4.27.4&#8243; _module_preset=\u00bbdefault\u00bb global_colors_info=\u00bb{}\u00bb][et_pb_column type=\u00bb4_4&#8243; _builder_version=\u00bb4.27.4&#8243; _module_preset=\u00bbdefault\u00bb global_colors_info=\u00bb{}\u00bb][et_pb_heading title=\u00bbCiclos formativos de grado superior\u00bb _builder_version=\u00bb4.27.4&#8243; _module_preset=\u00bbdefault\u00bb title_level=\u00bbh2&#8243; title_font=\u00bbFujiyama 2|300|||||||\u00bb global_colors_info=\u00bb{}\u00bb][\/et_pb_heading][et_pb_text _builder_version=\u00bb4.27.4&#8243; _module_preset=\u00bbdefault\u00bb global_colors_info=\u00bb{}\u00bb]<\/p>\n<p>Un ciclo formativo de grado superior me proporciona una formaci\u00f3n que me permitir\u00e1 desarrollar actividades de forma aut\u00f3noma donde se dominen diversas t\u00e9cnicas, con responsabilidad en la coordinaci\u00f3n y supervisi\u00f3n del trabajo t\u00e9cnico y especializado.<\/p>\n<p>[\/et_pb_text][et_pb_button button_text=\u00bbClics\u00bb _builder_version=\u00bb4.27.4&#8243; _module_preset=\u00bbdefault\u00bb global_colors_info=\u00bb{}\u00bb][\/et_pb_button][\/et_pb_column][\/et_pb_row][et_pb_row _builder_version=\u00bb4.27.4&#8243; _module_preset=\u00bbdefault\u00bb global_colors_info=\u00bb{}\u00bb][et_pb_column type=\u00bb4_4&#8243; _builder_version=\u00bb4.27.4&#8243; _module_preset=\u00bbdefault\u00bb global_colors_info=\u00bb{}\u00bb][et_pb_divider color=\u00bb#F16CB9&#8243; divider_weight=\u00bb3px\u00bb _builder_version=\u00bb4.27.4&#8243; _module_preset=\u00bbdefault\u00bb global_colors_info=\u00bb{}\u00bb][\/et_pb_divider][\/et_pb_column][\/et_pb_row][et_pb_row column_structure=\u00bb1_2,1_2&#8243; _builder_version=\u00bb4.27.4&#8243; _module_preset=\u00bbdefault\u00bb global_colors_info=\u00bb{}\u00bb][et_pb_column type=\u00bb1_2&#8243; _builder_version=\u00bb4.27.4&#8243; _module_preset=\u00bbdefault\u00bb global_colors_info=\u00bb{}\u00bb][et_pb_heading title=\u00bbCursos de especializaci\u00f3n\u00bb _builder_version=\u00bb4.27.4&#8243; _module_preset=\u00bbdefault\u00bb title_level=\u00bbh2&#8243; title_font=\u00bbFujiyama 2|300|||||||\u00bb global_colors_info=\u00bb{}\u00bb][\/et_pb_heading][et_pb_text _builder_version=\u00bb4.27.4&#8243; _module_preset=\u00bbdefault\u00bb global_colors_info=\u00bb{}\u00bb]<\/p>\n<p>Los cursos de especializaci\u00f3n complementan y profundizan en las competencias de quienes ya disponen de un t\u00edtulo de formaci\u00f3n profesional.<\/p>\n<p>[\/et_pb_text][et_pb_button button_text=\u00bbClics\u00bb _builder_version=\u00bb4.27.4&#8243; _module_preset=\u00bbdefault\u00bb global_colors_info=\u00bb{}\u00bb][\/et_pb_button][\/et_pb_column][et_pb_column type=\u00bb1_2&#8243; _builder_version=\u00bb4.27.4&#8243; _module_preset=\u00bbdefault\u00bb global_colors_info=\u00bb{}\u00bb][et_pb_heading title=\u00bbCAM\u00bb _builder_version=\u00bb4.27.4&#8243; _module_preset=\u00bbdefault\u00bb title_level=\u00bbh2&#8243; title_font=\u00bbFujiyama 2|300|||||||\u00bb locked=\u00bboff\u00bb global_colors_info=\u00bb{}\u00bb][\/et_pb_heading][et_pb_text _builder_version=\u00bb4.27.4&#8243; _module_preset=\u00bbdefault\u00bb locked=\u00bboff\u00bb global_colors_info=\u00bb{}\u00bb]<\/p>\n<p>El curso de acceso a los ciclos formativos de Formaci\u00f3n Profesional de grado medio es una nueva v\u00eda de acceso si no posees el t\u00edtulo de Graduado en ESO ni otros requisitos de acceso.<\/p>\n<p>[\/et_pb_text][et_pb_button button_text=\u00bbClics\u00bb _builder_version=\u00bb4.27.4&#8243; _module_preset=\u00bbdefault\u00bb global_colors_info=\u00bb{}\u00bb][\/et_pb_button][\/et_pb_column][\/et_pb_row][\/et_pb_section]<\/p>\n","protected":false},"excerpt":{"rendered":"<p>La Educaci\u00f3n Secundaria Obligatoria (ESO) es una etapa gratuita y obligatoria que completa la educaci\u00f3n b\u00e1sica. Se organiza en dos ciclos: el primero abarca primero, segundo y tercero; el segundo, el cuarto curso, enfocado a preparar al alumnado para estudios posteriores.El Bachillerato es una etapa postobligatoria destinada a j\u00f3venes de 16 a 18 a\u00f1os. Su [&hellip;]<\/p>\n","protected":false},"author":11,"featured_media":0,"parent":0,"menu_order":0,"comment_status":"closed","ping_status":"closed","template":"","meta":{"_et_pb_use_builder":"on","_et_pb_old_content":"<!-- wp:divi\/placeholder \/-->","_et_gb_content_width":"","footnotes":""},"class_list":["post-4023","page","type-page","status-publish","hentry"],"yoast_head":"<!-- This site is optimized with the Yoast SEO plugin v27.5 - https:\/\/yoast.com\/product\/yoast-seo-wordpress\/ -->\n<title>Oferta educativa - IES Fernando Aguilar Quignon<\/title>\n<meta name=\"robots\" content=\"index, follow, max-snippet:-1, max-image-preview:large, max-video-preview:-1\" \/>\n<link rel=\"canonical\" href=\"https:\/\/charming-buck.93-93-118-175.plesk.page\/index.php\/oferta-educativa\/\" \/>\n<meta property=\"og:locale\" content=\"es_ES\" \/>\n<meta property=\"og:type\" content=\"article\" \/>\n<meta property=\"og:title\" content=\"Oferta educativa - IES Fernando Aguilar Quignon\" \/>\n<meta property=\"og:description\" content=\"La Educaci\u00f3n Secundaria Obligatoria (ESO) es una etapa gratuita y obligatoria que completa la educaci\u00f3n b\u00e1sica. Se organiza en dos ciclos: el primero abarca primero, segundo y tercero; el segundo, el cuarto curso, enfocado a preparar al alumnado para estudios posteriores.El Bachillerato es una etapa postobligatoria destinada a j\u00f3venes de 16 a 18 a\u00f1os. Su [&hellip;]\" \/>\n<meta property=\"og:url\" content=\"https:\/\/charming-buck.93-93-118-175.plesk.page\/index.php\/oferta-educativa\/\" \/>\n<meta property=\"og:site_name\" content=\"IES Fernando Aguilar Quignon\" \/>\n<meta property=\"article:modified_time\" content=\"2025-05-15T17:03:43+00:00\" \/>\n<meta name=\"twitter:card\" content=\"summary_large_image\" \/>\n<script type=\"application\/ld+json\" class=\"yoast-schema-graph\">{\"@context\":\"https:\\\/\\\/schema.org\",\"@graph\":[{\"@type\":\"WebPage\",\"@id\":\"https:\\\/\\\/charming-buck.93-93-118-175.plesk.page\\\/index.php\\\/oferta-educativa\\\/\",\"url\":\"https:\\\/\\\/charming-buck.93-93-118-175.plesk.page\\\/index.php\\\/oferta-educativa\\\/\",\"name\":\"Oferta educativa - IES Fernando Aguilar Quignon\",\"isPartOf\":{\"@id\":\"https:\\\/\\\/charming-buck.93-93-118-175.plesk.page\\\/#website\"},\"datePublished\":\"2025-04-27T20:00:25+00:00\",\"dateModified\":\"2025-05-15T17:03:43+00:00\",\"breadcrumb\":{\"@id\":\"https:\\\/\\\/charming-buck.93-93-118-175.plesk.page\\\/index.php\\\/oferta-educativa\\\/#breadcrumb\"},\"inLanguage\":\"es\",\"potentialAction\":[{\"@type\":\"ReadAction\",\"target\":[\"https:\\\/\\\/charming-buck.93-93-118-175.plesk.page\\\/index.php\\\/oferta-educativa\\\/\"]}]},{\"@type\":\"BreadcrumbList\",\"@id\":\"https:\\\/\\\/charming-buck.93-93-118-175.plesk.page\\\/index.php\\\/oferta-educativa\\\/#breadcrumb\",\"itemListElement\":[{\"@type\":\"ListItem\",\"position\":1,\"name\":\"Portada\",\"item\":\"https:\\\/\\\/charming-buck.93-93-118-175.plesk.page\\\/\"},{\"@type\":\"ListItem\",\"position\":2,\"name\":\"Oferta educativa\"}]},{\"@type\":\"WebSite\",\"@id\":\"https:\\\/\\\/charming-buck.93-93-118-175.plesk.page\\\/#website\",\"url\":\"https:\\\/\\\/charming-buck.93-93-118-175.plesk.page\\\/\",\"name\":\"IES Fernando Aguilar Quignon\",\"description\":\"\",\"potentialAction\":[{\"@type\":\"SearchAction\",\"target\":{\"@type\":\"EntryPoint\",\"urlTemplate\":\"https:\\\/\\\/charming-buck.93-93-118-175.plesk.page\\\/?s={search_term_string}\"},\"query-input\":{\"@type\":\"PropertyValueSpecification\",\"valueRequired\":true,\"valueName\":\"search_term_string\"}}],\"inLanguage\":\"es\"}]}<\/script>\n<!-- \/ Yoast SEO plugin. -->","yoast_head_json":{"title":"Oferta educativa - IES Fernando Aguilar Quignon","robots":{"index":"index","follow":"follow","max-snippet":"max-snippet:-1","max-image-preview":"max-image-preview:large","max-video-preview":"max-video-preview:-1"},"canonical":"https:\/\/charming-buck.93-93-118-175.plesk.page\/index.php\/oferta-educativa\/","og_locale":"es_ES","og_type":"article","og_title":"Oferta educativa - IES Fernando Aguilar Quignon","og_description":"La Educaci\u00f3n Secundaria Obligatoria (ESO) es una etapa gratuita y obligatoria que completa la educaci\u00f3n b\u00e1sica. Se organiza en dos ciclos: el primero abarca primero, segundo y tercero; el segundo, el cuarto curso, enfocado a preparar al alumnado para estudios posteriores.El Bachillerato es una etapa postobligatoria destinada a j\u00f3venes de 16 a 18 a\u00f1os. Su [&hellip;]","og_url":"https:\/\/charming-buck.93-93-118-175.plesk.page\/index.php\/oferta-educativa\/","og_site_name":"IES Fernando Aguilar Quignon","article_modified_time":"2025-05-15T17:03:43+00:00","twitter_card":"summary_large_image","schema":{"@context":"https:\/\/schema.org","@graph":[{"@type":"WebPage","@id":"https:\/\/charming-buck.93-93-118-175.plesk.page\/index.php\/oferta-educativa\/","url":"https:\/\/charming-buck.93-93-118-175.plesk.page\/index.php\/oferta-educativa\/","name":"Oferta educativa - IES Fernando Aguilar Quignon","isPartOf":{"@id":"https:\/\/charming-buck.93-93-118-175.plesk.page\/#website"},"datePublished":"2025-04-27T20:00:25+00:00","dateModified":"2025-05-15T17:03:43+00:00","breadcrumb":{"@id":"https:\/\/charming-buck.93-93-118-175.plesk.page\/index.php\/oferta-educativa\/#breadcrumb"},"inLanguage":"es","potentialAction":[{"@type":"ReadAction","target":["https:\/\/charming-buck.93-93-118-175.plesk.page\/index.php\/oferta-educativa\/"]}]},{"@type":"BreadcrumbList","@id":"https:\/\/charming-buck.93-93-118-175.plesk.page\/index.php\/oferta-educativa\/#breadcrumb","itemListElement":[{"@type":"ListItem","position":1,"name":"Portada","item":"https:\/\/charming-buck.93-93-118-175.plesk.page\/"},{"@type":"ListItem","position":2,"name":"Oferta educativa"}]},{"@type":"WebSite","@id":"https:\/\/charming-buck.93-93-118-175.plesk.page\/#website","url":"https:\/\/charming-buck.93-93-118-175.plesk.page\/","name":"IES Fernando Aguilar Quignon","description":"","potentialAction":[{"@type":"SearchAction","target":{"@type":"EntryPoint","urlTemplate":"https:\/\/charming-buck.93-93-118-175.plesk.page\/?s={search_term_string}"},"query-input":{"@type":"PropertyValueSpecification","valueRequired":true,"valueName":"search_term_string"}}],"inLanguage":"es"}]}},"_links":{"self":[{"href":"https:\/\/charming-buck.93-93-118-175.plesk.page\/index.php\/wp-json\/wp\/v2\/pages\/4023","targetHints":{"allow":["GET"]}}],"collection":[{"href":"https:\/\/charming-buck.93-93-118-175.plesk.page\/index.php\/wp-json\/wp\/v2\/pages"}],"about":[{"href":"https:\/\/charming-buck.93-93-118-175.plesk.page\/index.php\/wp-json\/wp\/v2\/types\/page"}],"author":[{"embeddable":true,"href":"https:\/\/charming-buck.93-93-118-175.plesk.page\/index.php\/wp-json\/wp\/v2\/users\/11"}],"replies":[{"embeddable":true,"href":"https:\/\/charming-buck.93-93-118-175.plesk.page\/index.php\/wp-json\/wp\/v2\/comments?post=4023"}],"version-history":[{"count":7,"href":"https:\/\/charming-buck.93-93-118-175.plesk.page\/index.php\/wp-json\/wp\/v2\/pages\/4023\/revisions"}],"predecessor-version":[{"id":5722,"href":"https:\/\/charming-buck.93-93-118-175.plesk.page\/index.php\/wp-json\/wp\/v2\/pages\/4023\/revisions\/5722"}],"wp:attachment":[{"href":"https:\/\/charming-buck.93-93-118-175.plesk.page\/index.php\/wp-json\/wp\/v2\/media?parent=4023"}],"curies":[{"name":"wp","href":"https:\/\/api.w.org\/{rel}","templated":true}]}}