{"id":4061,"date":"2025-04-27T19:04:23","date_gmt":"2025-04-27T19:04:23","guid":{"rendered":"https:\/\/charming-buck.93-93-118-175.plesk.page\/?page_id=4061"},"modified":"2025-05-07T18:59:18","modified_gmt":"2025-05-07T18:59:18","slug":"erasmus","status":"publish","type":"page","link":"https:\/\/charming-buck.93-93-118-175.plesk.page\/index.php\/erasmus\/","title":{"rendered":"Erasmus+"},"content":{"rendered":"<p>[et_pb_section fb_built=\u00bb1&#8243; _builder_version=\u00bb4.27.4&#8243; _module_preset=\u00bbdefault\u00bb background_color=\u00bb#0a0000&#8243; use_background_color_gradient=\u00bbon\u00bb background_color_gradient_type=\u00bbcircular\u00bb background_color_gradient_stops=\u00bbrgba(51,51,51,0.5) 0%|rgba(1,10,6,0.5) 100%\u00bb background_color_gradient_overlays_image=\u00bbon\u00bb background_image=\u00bbhttps:\/\/charming-buck.93-93-118-175.plesk.page\/wp-content\/uploads\/2025\/04\/top-view-glasses-with-academic-cap-globe-scaled.jpg\u00bb background_blend=\u00bbdarken\u00bb custom_padding=\u00bb||||true|false\u00bb global_colors_info=\u00bb{}\u00bb][et_pb_row _builder_version=\u00bb4.27.4&#8243; _module_preset=\u00bbdefault\u00bb global_colors_info=\u00bb{}\u00bb][et_pb_column type=\u00bb4_4&#8243; _builder_version=\u00bb4.27.4&#8243; _module_preset=\u00bbdefault\u00bb global_colors_info=\u00bb{}\u00bb][et_pb_heading title=\u00bbErasmus+\u00bb _builder_version=\u00bb4.27.4&#8243; _module_preset=\u00bbdefault\u00bb title_font=\u00bbFujiyama 2|300|||||||\u00bb title_text_color=\u00bb#FFFFFF\u00bb hover_enabled=\u00bb0&#8243; global_colors_info=\u00bb{}\u00bb sticky_enabled=\u00bb0&#8243;][\/et_pb_heading][\/et_pb_column][\/et_pb_row][\/et_pb_section][et_pb_section fb_built=\u00bb1&#8243; _builder_version=\u00bb4.27.4&#8243; _module_preset=\u00bbdefault\u00bb global_colors_info=\u00bb{}\u00bb][et_pb_row _builder_version=\u00bb4.27.4&#8243; _module_preset=\u00bbdefault\u00bb global_colors_info=\u00bb{}\u00bb][et_pb_column type=\u00bb4_4&#8243; _builder_version=\u00bb4.27.4&#8243; _module_preset=\u00bbdefault\u00bb global_colors_info=\u00bb{}\u00bb][et_pb_heading title=\u00bbProgramas Erasmus+ en Nuestro Centro\u00bb _builder_version=\u00bb4.27.4&#8243; _module_preset=\u00bbdefault\u00bb title_level=\u00bbh2&#8243; title_font=\u00bb|700|||||||\u00bb global_colors_info=\u00bb{}\u00bb][\/et_pb_heading][et_pb_text _builder_version=\u00bb4.27.4&#8243; _module_preset=\u00bbdefault\u00bb global_colors_info=\u00bb{}\u00bb]<\/p>\n<p>En nuestro instituto creemos firmemente que la educaci\u00f3n no tiene fronteras, y por eso participamos activamente en el programa Erasmus+ tanto para profesorado como para alumnado. Este programa europeo ofrece oportunidades \u00fanicas para enriquecer el aprendizaje, adquirir nuevas competencias y abrirse al mundo a trav\u00e9s de experiencias educativas en el extranjero.<\/p>\n<p>[\/et_pb_text][\/et_pb_column][\/et_pb_row][et_pb_row _builder_version=\u00bb4.27.4&#8243; _module_preset=\u00bbdefault\u00bb global_colors_info=\u00bb{}\u00bb][et_pb_column type=\u00bb4_4&#8243; _builder_version=\u00bb4.27.4&#8243; _module_preset=\u00bbdefault\u00bb global_colors_info=\u00bb{}\u00bb][et_pb_divider color=\u00bb#F16CB9&#8243; divider_weight=\u00bb3px\u00bb _builder_version=\u00bb4.27.4&#8243; _module_preset=\u00bbdefault\u00bb global_colors_info=\u00bb{}\u00bb][\/et_pb_divider][\/et_pb_column][\/et_pb_row][et_pb_row column_structure=\u00bb1_2,1_2&#8243; _builder_version=\u00bb4.27.4&#8243; _module_preset=\u00bbdefault\u00bb global_colors_info=\u00bb{}\u00bb][et_pb_column type=\u00bb1_2&#8243; _builder_version=\u00bb4.27.4&#8243; _module_preset=\u00bbdefault\u00bb global_colors_info=\u00bb{}\u00bb][et_pb_heading title=\u00bbPara el Alumnado\u00bb _builder_version=\u00bb4.27.4&#8243; _module_preset=\u00bbdefault\u00bb title_level=\u00bbh2&#8243; title_font=\u00bbFujiyama 2|300|||||||\u00bb global_colors_info=\u00bb{}\u00bb][\/et_pb_heading][et_pb_text _builder_version=\u00bb4.27.4&#8243; _module_preset=\u00bbdefault\u00bb global_colors_info=\u00bb{}\u00bb]<\/p>\n<p>Ofrecemos movilidades Erasmus+ en todos los niveles educativos:<\/p>\n<p>\u2022 Educaci\u00f3n Secundaria Obligatoria (ESO) y Bachillerato: experiencias de intercambio, estancias cortas y largas con centros europeos para promover la competencia ling\u00fc\u00edstica, la interculturalidad y la ciudadan\u00eda europea. Estancias formativas de corta duraci\u00f3n para desarrollar habilidades clave para el futuro acad\u00e9mico y personal.<\/p>\n<p>\u2022 Formaci\u00f3n Profesional de Grado Medio y Grado Superior: pr\u00e1cticas profesionales (FFEOE) en empresas europeas que permiten a nuestro alumnado aplicar lo aprendido en entornos reales, mejorar su empleabilidad y adquirir experiencia internacional.<\/p>\n<p>&nbsp;<\/p>\n<p>[\/et_pb_text][\/et_pb_column][et_pb_column type=\u00bb1_2&#8243; _builder_version=\u00bb4.27.4&#8243; _module_preset=\u00bbdefault\u00bb global_colors_info=\u00bb{}\u00bb][et_pb_image src=\u00bbhttps:\/\/charming-buck.93-93-118-175.plesk.page\/wp-content\/uploads\/2025\/04\/6913.jpg\u00bb title_text=\u00bb6913&#8243; align=\u00bbcenter\u00bb _builder_version=\u00bb4.27.4&#8243; _module_preset=\u00bbdefault\u00bb border_radii=\u00bbon|30px|30px|30px|30px\u00bb box_shadow_style=\u00bbpreset1&#8243; global_colors_info=\u00bb{}\u00bb transform_styles__hover_enabled=\u00bbon|hover\u00bb transform_scale__hover_enabled=\u00bbon|hover\u00bb transform_translate__hover_enabled=\u00bbon|desktop\u00bb transform_rotate__hover_enabled=\u00bbon|desktop\u00bb transform_skew__hover_enabled=\u00bbon|desktop\u00bb transform_origin__hover_enabled=\u00bbon|desktop\u00bb transform_scale__hover=\u00bb110%|110%\u00bb][\/et_pb_image][\/et_pb_column][\/et_pb_row][et_pb_row column_structure=\u00bb1_2,1_2&#8243; _builder_version=\u00bb4.27.4&#8243; _module_preset=\u00bbdefault\u00bb global_colors_info=\u00bb{}\u00bb][et_pb_column type=\u00bb1_2&#8243; _builder_version=\u00bb4.27.4&#8243; _module_preset=\u00bbdefault\u00bb global_colors_info=\u00bb{}\u00bb][et_pb_image src=\u00bbhttps:\/\/charming-buck.93-93-118-175.plesk.page\/wp-content\/uploads\/2025\/04\/50055.jpg\u00bb title_text=\u00bb50055&#8243; _builder_version=\u00bb4.27.4&#8243; _module_preset=\u00bbdefault\u00bb border_radii=\u00bbon|30px|30px|30px|30px\u00bb box_shadow_style=\u00bbpreset1&#8243; global_colors_info=\u00bb{}\u00bb transform_styles__hover_enabled=\u00bbon|hover\u00bb transform_scale__hover_enabled=\u00bbon|hover\u00bb transform_translate__hover_enabled=\u00bbon|desktop\u00bb transform_rotate__hover_enabled=\u00bbon|desktop\u00bb transform_skew__hover_enabled=\u00bbon|desktop\u00bb transform_origin__hover_enabled=\u00bbon|desktop\u00bb transform_scale__hover=\u00bb110%|110%\u00bb][\/et_pb_image][\/et_pb_column][et_pb_column type=\u00bb1_2&#8243; _builder_version=\u00bb4.27.4&#8243; _module_preset=\u00bbdefault\u00bb global_colors_info=\u00bb{}\u00bb][et_pb_heading title=\u00bbPara el Profesorado\u00bb _builder_version=\u00bb4.27.4&#8243; _module_preset=\u00bbdefault\u00bb title_level=\u00bbh2&#8243; title_font=\u00bbFujiyama 2|300|||||||\u00bb hover_enabled=\u00bb0&#8243; global_colors_info=\u00bb{}\u00bb sticky_enabled=\u00bb0&#8243;][\/et_pb_heading][et_pb_text _builder_version=\u00bb4.27.4&#8243; _module_preset=\u00bbdefault\u00bb global_colors_info=\u00bb{}\u00bb]<\/p>\n<p>Nuestro centro tambi\u00e9n facilita movilidades Erasmus+ para docentes, con el objetivo de fomentar la formaci\u00f3n continua, el intercambio de buenas pr\u00e1cticas y la internacionalizaci\u00f3n de la ense\u00f1anza. Entre las actividades posibles se encuentran:<\/p>\n<p>\u2022 Cursos estructurados en el extranjero.<\/p>\n<p>\u2022 Periodos de observaci\u00f3n (job-shadowing) en centros educativos europeos.<\/p>\n<p>\u2022 Participaci\u00f3n en proyectos de cooperaci\u00f3n internacional.<\/p>\n<p>Estas experiencias enriquecen el desarrollo profesional del profesorado y repercuten directamente en la calidad educativa de nuestro centro.<\/p>\n<p>&nbsp;<\/p>\n<p>[\/et_pb_text][\/et_pb_column][\/et_pb_row][et_pb_row _builder_version=\u00bb4.27.4&#8243; _module_preset=\u00bbdefault\u00bb global_colors_info=\u00bb{}\u00bb][et_pb_column type=\u00bb4_4&#8243; _builder_version=\u00bb4.27.4&#8243; _module_preset=\u00bbdefault\u00bb global_colors_info=\u00bb{}\u00bb][et_pb_heading title=\u00bbUna educaci\u00f3n abierta al mundo\u00bb _builder_version=\u00bb4.27.4&#8243; _module_preset=\u00bbdefault\u00bb title_level=\u00bbh2&#8243; title_font=\u00bbFujiyama 2|300|||||||\u00bb hover_enabled=\u00bb0&#8243; global_colors_info=\u00bb{}\u00bb sticky_enabled=\u00bb0&#8243;][\/et_pb_heading][et_pb_text _builder_version=\u00bb4.27.4&#8243; _module_preset=\u00bbdefault\u00bb global_colors_info=\u00bb{}\u00bb]<\/p>\n<p>Formar parte del programa Erasmus+ nos permite construir una comunidad educativa m\u00e1s diversa, moderna y conectada con Europa, desarrollando valores como la tolerancia, la cooperaci\u00f3n y el respeto.<\/p>\n<p>[\/et_pb_text][et_pb_image src=\u00bbhttps:\/\/charming-buck.93-93-118-175.plesk.page\/wp-content\/uploads\/2025\/04\/173347345_57bf4c96-505a-4bcf-a909-bed7a05be0d0-scaled.jpg\u00bb title_text=\u00bb173347345_57bf4c96-505a-4bcf-a909-bed7a05be0d0&#8243; align=\u00bbcenter\u00bb _builder_version=\u00bb4.27.4&#8243; _module_preset=\u00bbdefault\u00bb width=\u00bb50%\u00bb custom_padding=\u00bb||||false|false\u00bb border_radii=\u00bbon|30px|30px|30px|30px\u00bb box_shadow_style=\u00bbpreset1&#8243; global_colors_info=\u00bb{}\u00bb transform_styles__hover_enabled=\u00bbon|hover\u00bb transform_scale__hover_enabled=\u00bbon|hover\u00bb transform_translate__hover_enabled=\u00bbon|desktop\u00bb transform_rotate__hover_enabled=\u00bbon|desktop\u00bb transform_skew__hover_enabled=\u00bbon|desktop\u00bb transform_origin__hover_enabled=\u00bbon|desktop\u00bb transform_scale__hover=\u00bb110%|110%\u00bb][\/et_pb_image][\/et_pb_column][\/et_pb_row][et_pb_row _builder_version=\u00bb4.27.4&#8243; _module_preset=\u00bbdefault\u00bb global_colors_info=\u00bb{}\u00bb][et_pb_column type=\u00bb4_4&#8243; _builder_version=\u00bb4.27.4&#8243; _module_preset=\u00bbdefault\u00bb global_colors_info=\u00bb{}\u00bb][et_pb_heading title=\u00bb\u00a1En nuestro instituto, Europa comienza en el aula!\u00bb _builder_version=\u00bb4.27.4&#8243; _module_preset=\u00bbdefault\u00bb title_level=\u00bbh2&#8243; title_font=\u00bbFujiyama 2|300|on||||||\u00bb title_text_align=\u00bbcenter\u00bb title_text_color=\u00bb#F16CB9&#8243; hover_enabled=\u00bb0&#8243; global_colors_info=\u00bb{}\u00bb sticky_enabled=\u00bb0&#8243;][\/et_pb_heading][\/et_pb_column][\/et_pb_row][\/et_pb_section]<\/p>\n","protected":false},"excerpt":{"rendered":"<p>En nuestro instituto creemos firmemente que la educaci\u00f3n no tiene fronteras, y por eso participamos activamente en el programa Erasmus+ tanto para profesorado como para alumnado. Este programa europeo ofrece oportunidades \u00fanicas para enriquecer el aprendizaje, adquirir nuevas competencias y abrirse al mundo a trav\u00e9s de experiencias educativas en el extranjero.Ofrecemos movilidades Erasmus+ en todos [&hellip;]<\/p>\n","protected":false},"author":11,"featured_media":0,"parent":0,"menu_order":0,"comment_status":"closed","ping_status":"closed","template":"","meta":{"_et_pb_use_builder":"on","_et_pb_old_content":"<!-- wp:divi\/placeholder \/-->","_et_gb_content_width":"","footnotes":""},"class_list":["post-4061","page","type-page","status-publish","hentry"],"yoast_head":"<!-- This site is optimized with the Yoast SEO plugin v27.5 - https:\/\/yoast.com\/product\/yoast-seo-wordpress\/ -->\n<title>Erasmus+ - IES Fernando Aguilar Quignon<\/title>\n<meta name=\"robots\" content=\"index, follow, max-snippet:-1, max-image-preview:large, max-video-preview:-1\" \/>\n<link rel=\"canonical\" href=\"https:\/\/charming-buck.93-93-118-175.plesk.page\/index.php\/erasmus\/\" \/>\n<meta property=\"og:locale\" content=\"es_ES\" \/>\n<meta property=\"og:type\" content=\"article\" \/>\n<meta property=\"og:title\" content=\"Erasmus+ - IES Fernando Aguilar Quignon\" \/>\n<meta property=\"og:description\" content=\"En nuestro instituto creemos firmemente que la educaci\u00f3n no tiene fronteras, y por eso participamos activamente en el programa Erasmus+ tanto para profesorado como para alumnado. Este programa europeo ofrece oportunidades \u00fanicas para enriquecer el aprendizaje, adquirir nuevas competencias y abrirse al mundo a trav\u00e9s de experiencias educativas en el extranjero.Ofrecemos movilidades Erasmus+ en todos [&hellip;]\" \/>\n<meta property=\"og:url\" content=\"https:\/\/charming-buck.93-93-118-175.plesk.page\/index.php\/erasmus\/\" \/>\n<meta property=\"og:site_name\" content=\"IES Fernando Aguilar Quignon\" \/>\n<meta property=\"article:modified_time\" content=\"2025-05-07T18:59:18+00:00\" \/>\n<meta name=\"twitter:card\" content=\"summary_large_image\" \/>\n<script type=\"application\/ld+json\" class=\"yoast-schema-graph\">{\"@context\":\"https:\\\/\\\/schema.org\",\"@graph\":[{\"@type\":\"WebPage\",\"@id\":\"https:\\\/\\\/charming-buck.93-93-118-175.plesk.page\\\/index.php\\\/erasmus\\\/\",\"url\":\"https:\\\/\\\/charming-buck.93-93-118-175.plesk.page\\\/index.php\\\/erasmus\\\/\",\"name\":\"Erasmus+ - IES Fernando Aguilar Quignon\",\"isPartOf\":{\"@id\":\"https:\\\/\\\/charming-buck.93-93-118-175.plesk.page\\\/#website\"},\"datePublished\":\"2025-04-27T19:04:23+00:00\",\"dateModified\":\"2025-05-07T18:59:18+00:00\",\"breadcrumb\":{\"@id\":\"https:\\\/\\\/charming-buck.93-93-118-175.plesk.page\\\/index.php\\\/erasmus\\\/#breadcrumb\"},\"inLanguage\":\"es\",\"potentialAction\":[{\"@type\":\"ReadAction\",\"target\":[\"https:\\\/\\\/charming-buck.93-93-118-175.plesk.page\\\/index.php\\\/erasmus\\\/\"]}]},{\"@type\":\"BreadcrumbList\",\"@id\":\"https:\\\/\\\/charming-buck.93-93-118-175.plesk.page\\\/index.php\\\/erasmus\\\/#breadcrumb\",\"itemListElement\":[{\"@type\":\"ListItem\",\"position\":1,\"name\":\"Portada\",\"item\":\"https:\\\/\\\/charming-buck.93-93-118-175.plesk.page\\\/\"},{\"@type\":\"ListItem\",\"position\":2,\"name\":\"Erasmus+\"}]},{\"@type\":\"WebSite\",\"@id\":\"https:\\\/\\\/charming-buck.93-93-118-175.plesk.page\\\/#website\",\"url\":\"https:\\\/\\\/charming-buck.93-93-118-175.plesk.page\\\/\",\"name\":\"IES Fernando Aguilar Quignon\",\"description\":\"\",\"potentialAction\":[{\"@type\":\"SearchAction\",\"target\":{\"@type\":\"EntryPoint\",\"urlTemplate\":\"https:\\\/\\\/charming-buck.93-93-118-175.plesk.page\\\/?s={search_term_string}\"},\"query-input\":{\"@type\":\"PropertyValueSpecification\",\"valueRequired\":true,\"valueName\":\"search_term_string\"}}],\"inLanguage\":\"es\"}]}<\/script>\n<!-- \/ Yoast SEO plugin. -->","yoast_head_json":{"title":"Erasmus+ - IES Fernando Aguilar Quignon","robots":{"index":"index","follow":"follow","max-snippet":"max-snippet:-1","max-image-preview":"max-image-preview:large","max-video-preview":"max-video-preview:-1"},"canonical":"https:\/\/charming-buck.93-93-118-175.plesk.page\/index.php\/erasmus\/","og_locale":"es_ES","og_type":"article","og_title":"Erasmus+ - IES Fernando Aguilar Quignon","og_description":"En nuestro instituto creemos firmemente que la educaci\u00f3n no tiene fronteras, y por eso participamos activamente en el programa Erasmus+ tanto para profesorado como para alumnado. Este programa europeo ofrece oportunidades \u00fanicas para enriquecer el aprendizaje, adquirir nuevas competencias y abrirse al mundo a trav\u00e9s de experiencias educativas en el extranjero.Ofrecemos movilidades Erasmus+ en todos [&hellip;]","og_url":"https:\/\/charming-buck.93-93-118-175.plesk.page\/index.php\/erasmus\/","og_site_name":"IES Fernando Aguilar Quignon","article_modified_time":"2025-05-07T18:59:18+00:00","twitter_card":"summary_large_image","schema":{"@context":"https:\/\/schema.org","@graph":[{"@type":"WebPage","@id":"https:\/\/charming-buck.93-93-118-175.plesk.page\/index.php\/erasmus\/","url":"https:\/\/charming-buck.93-93-118-175.plesk.page\/index.php\/erasmus\/","name":"Erasmus+ - IES Fernando Aguilar Quignon","isPartOf":{"@id":"https:\/\/charming-buck.93-93-118-175.plesk.page\/#website"},"datePublished":"2025-04-27T19:04:23+00:00","dateModified":"2025-05-07T18:59:18+00:00","breadcrumb":{"@id":"https:\/\/charming-buck.93-93-118-175.plesk.page\/index.php\/erasmus\/#breadcrumb"},"inLanguage":"es","potentialAction":[{"@type":"ReadAction","target":["https:\/\/charming-buck.93-93-118-175.plesk.page\/index.php\/erasmus\/"]}]},{"@type":"BreadcrumbList","@id":"https:\/\/charming-buck.93-93-118-175.plesk.page\/index.php\/erasmus\/#breadcrumb","itemListElement":[{"@type":"ListItem","position":1,"name":"Portada","item":"https:\/\/charming-buck.93-93-118-175.plesk.page\/"},{"@type":"ListItem","position":2,"name":"Erasmus+"}]},{"@type":"WebSite","@id":"https:\/\/charming-buck.93-93-118-175.plesk.page\/#website","url":"https:\/\/charming-buck.93-93-118-175.plesk.page\/","name":"IES Fernando Aguilar Quignon","description":"","potentialAction":[{"@type":"SearchAction","target":{"@type":"EntryPoint","urlTemplate":"https:\/\/charming-buck.93-93-118-175.plesk.page\/?s={search_term_string}"},"query-input":{"@type":"PropertyValueSpecification","valueRequired":true,"valueName":"search_term_string"}}],"inLanguage":"es"}]}},"_links":{"self":[{"href":"https:\/\/charming-buck.93-93-118-175.plesk.page\/index.php\/wp-json\/wp\/v2\/pages\/4061","targetHints":{"allow":["GET"]}}],"collection":[{"href":"https:\/\/charming-buck.93-93-118-175.plesk.page\/index.php\/wp-json\/wp\/v2\/pages"}],"about":[{"href":"https:\/\/charming-buck.93-93-118-175.plesk.page\/index.php\/wp-json\/wp\/v2\/types\/page"}],"author":[{"embeddable":true,"href":"https:\/\/charming-buck.93-93-118-175.plesk.page\/index.php\/wp-json\/wp\/v2\/users\/11"}],"replies":[{"embeddable":true,"href":"https:\/\/charming-buck.93-93-118-175.plesk.page\/index.php\/wp-json\/wp\/v2\/comments?post=4061"}],"version-history":[{"count":12,"href":"https:\/\/charming-buck.93-93-118-175.plesk.page\/index.php\/wp-json\/wp\/v2\/pages\/4061\/revisions"}],"predecessor-version":[{"id":5271,"href":"https:\/\/charming-buck.93-93-118-175.plesk.page\/index.php\/wp-json\/wp\/v2\/pages\/4061\/revisions\/5271"}],"wp:attachment":[{"href":"https:\/\/charming-buck.93-93-118-175.plesk.page\/index.php\/wp-json\/wp\/v2\/media?parent=4061"}],"curies":[{"name":"wp","href":"https:\/\/api.w.org\/{rel}","templated":true}]}}