{"id":5674,"date":"2025-05-14T10:59:01","date_gmt":"2025-05-14T10:59:01","guid":{"rendered":"https:\/\/charming-buck.93-93-118-175.plesk.page\/?page_id=5674"},"modified":"2025-05-27T20:49:22","modified_gmt":"2025-05-27T20:49:22","slug":"consejo-escolar","status":"publish","type":"page","link":"https:\/\/charming-buck.93-93-118-175.plesk.page\/index.php\/nuestro-centro\/consejo-escolar\/","title":{"rendered":"Consejo escolar"},"content":{"rendered":"<p>[et_pb_section fb_built=\u00bb1&#8243; _builder_version=\u00bb4.27.4&#8243; _module_preset=\u00bbdefault\u00bb background_color=\u00bb#0a0000&#8243; use_background_color_gradient=\u00bbon\u00bb background_color_gradient_type=\u00bbcircular\u00bb background_color_gradient_stops=\u00bbrgba(51,51,51,0.5) 0%|rgba(1,10,6,0.5) 100%\u00bb background_color_gradient_overlays_image=\u00bbon\u00bb background_image=\u00bbhttps:\/\/charming-buck.93-93-118-175.plesk.page\/wp-content\/uploads\/2025\/05\/2150256557.jpg\u00bb background_position=\u00bbtop_left\u00bb background_vertical_offset=\u00bb39%\u00bb background_blend=\u00bbdarken\u00bb custom_padding=\u00bb||||true|false\u00bb global_colors_info=\u00bb{}\u00bb][et_pb_row _builder_version=\u00bb4.27.4&#8243; _module_preset=\u00bbdefault\u00bb global_colors_info=\u00bb{}\u00bb][et_pb_column type=\u00bb4_4&#8243; _builder_version=\u00bb4.27.4&#8243; _module_preset=\u00bbdefault\u00bb global_colors_info=\u00bb{}\u00bb][et_pb_heading title=\u00bbConsejo escolar\u00bb _builder_version=\u00bb4.27.4&#8243; _module_preset=\u00bbdefault\u00bb title_font=\u00bbFujiyama 2|300|||||||\u00bb title_text_color=\u00bb#FFFFFF\u00bb global_colors_info=\u00bb{}\u00bb][\/et_pb_heading][\/et_pb_column][\/et_pb_row][\/et_pb_section][et_pb_section fb_built=\u00bb1&#8243; _builder_version=\u00bb4.27.4&#8243; _module_preset=\u00bbdefault\u00bb global_colors_info=\u00bb{}\u00bb][et_pb_row _builder_version=\u00bb4.27.4&#8243; _module_preset=\u00bbdefault\u00bb global_colors_info=\u00bb{}\u00bb][et_pb_column type=\u00bb4_4&#8243; _builder_version=\u00bb4.27.4&#8243; _module_preset=\u00bbdefault\u00bb global_colors_info=\u00bb{}\u00bb][et_pb_text _builder_version=\u00bb4.27.4&#8243; _module_preset=\u00bbdefault\u00bb global_colors_info=\u00bb{}\u00bb]<\/p>\n<p>El Consejo escolar es un \u00f3rgano colegiado de Participaci\u00f3n de la comunidad educativa en el gobierno del centro. La Constituci\u00f3n Espa\u00f1ola, en su art\u00edculo 27, establece que \u00abLos profesores, los padres y, en su caso, los alumnos intervendr\u00e1n en el control y gesti\u00f3n de todos los centros sostenidos por la Administraci\u00f3n con fondos p\u00fablicos\u00bb; este principio de participaci\u00f3n constituye el principal instrumento para que toda la comunidad educativa pueda implicarse directamente en la toma de decisiones del mismo.<\/p>\n<p>[\/et_pb_text][\/et_pb_column][\/et_pb_row][et_pb_row _builder_version=\u00bb4.27.4&#8243; _module_preset=\u00bbdefault\u00bb global_colors_info=\u00bb{}\u00bb][et_pb_column type=\u00bb4_4&#8243; _builder_version=\u00bb4.27.4&#8243; _module_preset=\u00bbdefault\u00bb global_colors_info=\u00bb{}\u00bb][et_pb_divider color=\u00bb#F16CB9&#8243; divider_weight=\u00bb2px\u00bb _builder_version=\u00bb4.27.4&#8243; _module_preset=\u00bbdefault\u00bb global_colors_info=\u00bb{}\u00bb][\/et_pb_divider][\/et_pb_column][\/et_pb_row][et_pb_row _builder_version=\u00bb4.27.4&#8243; _module_preset=\u00bbdefault\u00bb global_colors_info=\u00bb{}\u00bb][et_pb_column type=\u00bb4_4&#8243; _builder_version=\u00bb4.27.4&#8243; _module_preset=\u00bbdefault\u00bb global_colors_info=\u00bb{}\u00bb][et_pb_image src=\u00bbhttps:\/\/charming-buck.93-93-118-175.plesk.page\/wp-content\/uploads\/2025\/05\/22343998_Politician-sitting-at-round-table-in-boardroom-scaled.jpg\u00bb title_text=\u00bb22343998_Politician sitting at round table in boardroom\u00bb align=\u00bbcenter\u00bb _builder_version=\u00bb4.27.4&#8243; _module_preset=\u00bbdefault\u00bb width=\u00bb60%\u00bb border_radii=\u00bbon|15px|15px|15px|15px\u00bb global_colors_info=\u00bb{}\u00bb][\/et_pb_image][\/et_pb_column][\/et_pb_row][et_pb_row column_structure=\u00bb1_5,1_5,1_5,1_5,1_5&#8243; _builder_version=\u00bb4.27.4&#8243; _module_preset=\u00bbdefault\u00bb global_colors_info=\u00bb{}\u00bb][et_pb_column type=\u00bb1_5&#8243; _builder_version=\u00bb4.27.4&#8243; _module_preset=\u00bbdefault\u00bb global_colors_info=\u00bb{}\u00bb][et_pb_team_member name=\u00bbCorchero Montero, Nicol\u00e1s (DIRECTOR\/A)\u00bb position=\u00bbEquipo Directivo\u00bb _builder_version=\u00bb4.27.4&#8243; _module_preset=\u00bbdefault\u00bb header_font=\u00bb|600|||||||\u00bb header_text_align=\u00bbcenter\u00bb header_text_color=\u00bb#6D004C\u00bb position_text_align=\u00bbcenter\u00bb position_text_color=\u00bb#F16CB9&#8243; global_colors_info=\u00bb{}\u00bb][\/et_pb_team_member][\/et_pb_column][et_pb_column type=\u00bb1_5&#8243; _builder_version=\u00bb4.27.4&#8243; _module_preset=\u00bbdefault\u00bb global_colors_info=\u00bb{}\u00bb][et_pb_team_member name=\u00bbOrozco Segura, \u00c1ngeles (JEFE\/A DE ESTUDIOS)\u00bb position=\u00bbEquipo Directivo\u00bb _builder_version=\u00bb4.27.4&#8243; _module_preset=\u00bbdefault\u00bb header_font=\u00bb|600|||||||\u00bb header_text_align=\u00bbcenter\u00bb header_text_color=\u00bb#6D004C\u00bb position_text_align=\u00bbcenter\u00bb position_text_color=\u00bb#F16CB9&#8243; global_colors_info=\u00bb{}\u00bb][\/et_pb_team_member][\/et_pb_column][et_pb_column type=\u00bb1_5&#8243; _builder_version=\u00bb4.27.4&#8243; _module_preset=\u00bbdefault\u00bb global_colors_info=\u00bb{}\u00bb][et_pb_team_member name=\u00bbOrtega Rodr\u00edguez, Antonio (SECRETARIO\/A)\u00bb position=\u00bbEquipo Directivo\u00bb _builder_version=\u00bb4.27.4&#8243; _module_preset=\u00bbdefault\u00bb header_font=\u00bb|600|||||||\u00bb header_text_align=\u00bbcenter\u00bb header_text_color=\u00bb#6D004C\u00bb position_text_align=\u00bbcenter\u00bb position_text_color=\u00bb#F16CB9&#8243; global_colors_info=\u00bb{}\u00bb][\/et_pb_team_member][\/et_pb_column][et_pb_column type=\u00bb1_5&#8243; _builder_version=\u00bb4.27.4&#8243; _module_preset=\u00bbdefault\u00bb global_colors_info=\u00bb{}\u00bb][et_pb_team_member name=\u00bbFernandez Fernandez, Pedro\u00bb position=\u00bbProfesorado\u00bb _builder_version=\u00bb4.27.4&#8243; _module_preset=\u00bbdefault\u00bb header_font=\u00bb|600|||||||\u00bb header_text_align=\u00bbcenter\u00bb header_text_color=\u00bb#6D004C\u00bb position_text_align=\u00bbcenter\u00bb position_text_color=\u00bb#F16CB9&#8243; global_colors_info=\u00bb{}\u00bb][\/et_pb_team_member][\/et_pb_column][et_pb_column type=\u00bb1_5&#8243; _builder_version=\u00bb4.27.4&#8243; _module_preset=\u00bbdefault\u00bb global_colors_info=\u00bb{}\u00bb][et_pb_team_member name=\u00bbFernandez Serrano, Antonio\u00bb position=\u00bbProfesorado\u00bb _builder_version=\u00bb4.27.4&#8243; _module_preset=\u00bbdefault\u00bb header_font=\u00bb|600|||||||\u00bb header_text_align=\u00bbcenter\u00bb header_text_color=\u00bb#6D004C\u00bb position_text_align=\u00bbcenter\u00bb position_text_color=\u00bb#F16CB9&#8243; global_colors_info=\u00bb{}\u00bb][\/et_pb_team_member][\/et_pb_column][\/et_pb_row][et_pb_row column_structure=\u00bb1_5,1_5,1_5,1_5,1_5&#8243; _builder_version=\u00bb4.27.4&#8243; _module_preset=\u00bbdefault\u00bb global_colors_info=\u00bb{}\u00bb][et_pb_column type=\u00bb1_5&#8243; _builder_version=\u00bb4.27.4&#8243; _module_preset=\u00bbdefault\u00bb global_colors_info=\u00bb{}\u00bb][et_pb_team_member name=\u00bbG\u00f3mez Scapachini, Jes\u00fas Mar\u00eda\u00bb position=\u00bbProfesorado\u00bb _builder_version=\u00bb4.27.4&#8243; _module_preset=\u00bbdefault\u00bb header_font=\u00bb|600|||||||\u00bb header_text_align=\u00bbcenter\u00bb header_text_color=\u00bb#6D004C\u00bb position_text_align=\u00bbcenter\u00bb position_text_color=\u00bb#F16CB9&#8243; global_colors_info=\u00bb{}\u00bb][\/et_pb_team_member][\/et_pb_column][et_pb_column type=\u00bb1_5&#8243; _builder_version=\u00bb4.27.4&#8243; _module_preset=\u00bbdefault\u00bb global_colors_info=\u00bb{}\u00bb][et_pb_team_member name=\u00bbHermida Prieto, Ana\u00bb position=\u00bbProfesorado\u00bb _builder_version=\u00bb4.27.4&#8243; _module_preset=\u00bbdefault\u00bb header_font=\u00bb|600|||||||\u00bb header_text_align=\u00bbcenter\u00bb header_text_color=\u00bb#6D004C\u00bb position_text_align=\u00bbcenter\u00bb position_text_color=\u00bb#F16CB9&#8243; global_colors_info=\u00bb{}\u00bb][\/et_pb_team_member][\/et_pb_column][et_pb_column type=\u00bb1_5&#8243; _builder_version=\u00bb4.27.4&#8243; _module_preset=\u00bbdefault\u00bb global_colors_info=\u00bb{}\u00bb][et_pb_team_member name=\u00bbMariscal Quintero, Ricardo\u00bb position=\u00bbProfesorado\u00bb _builder_version=\u00bb4.27.4&#8243; _module_preset=\u00bbdefault\u00bb header_font=\u00bb|600|||||||\u00bb header_text_align=\u00bbcenter\u00bb header_text_color=\u00bb#6D004C\u00bb position_text_align=\u00bbcenter\u00bb position_text_color=\u00bb#F16CB9&#8243; global_colors_info=\u00bb{}\u00bb][\/et_pb_team_member][\/et_pb_column][et_pb_column type=\u00bb1_5&#8243; _builder_version=\u00bb4.27.4&#8243; _module_preset=\u00bbdefault\u00bb global_colors_info=\u00bb{}\u00bb][et_pb_team_member name=\u00bbPacheco Calvo, Jos\u00e9 Antonio\u00bb position=\u00bbProfesorado\u00bb _builder_version=\u00bb4.27.4&#8243; _module_preset=\u00bbdefault\u00bb header_font=\u00bb|600|||||||\u00bb header_text_align=\u00bbcenter\u00bb header_text_color=\u00bb#6D004C\u00bb position_text_align=\u00bbcenter\u00bb position_text_color=\u00bb#F16CB9&#8243; global_colors_info=\u00bb{}\u00bb][\/et_pb_team_member][\/et_pb_column][et_pb_column type=\u00bb1_5&#8243; _builder_version=\u00bb4.27.4&#8243; _module_preset=\u00bbdefault\u00bb global_colors_info=\u00bb{}\u00bb][et_pb_team_member name=\u00bbRey Pelayo, Manuel\u00bb position=\u00bbProfesorado\u00bb _builder_version=\u00bb4.27.4&#8243; _module_preset=\u00bbdefault\u00bb header_font=\u00bb|600|||||||\u00bb header_text_align=\u00bbcenter\u00bb header_text_color=\u00bb#6D004C\u00bb position_text_align=\u00bbcenter\u00bb position_text_color=\u00bb#F16CB9&#8243; global_colors_info=\u00bb{}\u00bb][\/et_pb_team_member][\/et_pb_column][\/et_pb_row][et_pb_row column_structure=\u00bb1_5,1_5,1_5,1_5,1_5&#8243; _builder_version=\u00bb4.27.4&#8243; _module_preset=\u00bbdefault\u00bb global_colors_info=\u00bb{}\u00bb][et_pb_column type=\u00bb1_5&#8243; _builder_version=\u00bb4.27.4&#8243; _module_preset=\u00bbdefault\u00bb global_colors_info=\u00bb{}\u00bb][et_pb_team_member name=\u00bbS\u00e1nchez Cerpa, Ana Mar\u00eda\u00bb position=\u00bbProfesorado\u00bb _builder_version=\u00bb4.27.4&#8243; _module_preset=\u00bbdefault\u00bb header_font=\u00bb|600|||||||\u00bb header_text_align=\u00bbcenter\u00bb header_text_color=\u00bb#6D004C\u00bb position_text_align=\u00bbcenter\u00bb position_text_color=\u00bb#F16CB9&#8243; global_colors_info=\u00bb{}\u00bb][\/et_pb_team_member][\/et_pb_column][et_pb_column type=\u00bb1_5&#8243; _builder_version=\u00bb4.27.4&#8243; _module_preset=\u00bbdefault\u00bb global_colors_info=\u00bb{}\u00bb][et_pb_team_member name=\u00bbFerr\u00e1 Mu\u00f1oz, Beatriz\u00bb position=\u00bbMadres\/Padres\/Tutores\u00bb _builder_version=\u00bb4.27.4&#8243; _module_preset=\u00bbdefault\u00bb header_font=\u00bb|600|||||||\u00bb header_text_align=\u00bbcenter\u00bb header_text_color=\u00bb#6D004C\u00bb position_text_align=\u00bbcenter\u00bb position_text_color=\u00bb#F16CB9&#8243; global_colors_info=\u00bb{}\u00bb][\/et_pb_team_member][\/et_pb_column][et_pb_column type=\u00bb1_5&#8243; _builder_version=\u00bb4.27.4&#8243; _module_preset=\u00bbdefault\u00bb global_colors_info=\u00bb{}\u00bb][et_pb_team_member name=\u00bbPern\u00eda Medina, Remedios\u00bb position=\u00bbMadres\/Padres\/Tutores\u00bb _builder_version=\u00bb4.27.4&#8243; _module_preset=\u00bbdefault\u00bb header_font=\u00bb|600|||||||\u00bb header_text_align=\u00bbcenter\u00bb header_text_color=\u00bb#6D004C\u00bb position_text_align=\u00bbcenter\u00bb position_text_color=\u00bb#F16CB9&#8243; global_colors_info=\u00bb{}\u00bb][\/et_pb_team_member][\/et_pb_column][et_pb_column type=\u00bb1_5&#8243; _builder_version=\u00bb4.27.4&#8243; _module_preset=\u00bbdefault\u00bb global_colors_info=\u00bb{}\u00bb][et_pb_team_member name=\u00bbRubio Millares, Ra\u00fal\u00bb position=\u00bbMadres\/Padres\/Tutores\u00bb _builder_version=\u00bb4.27.4&#8243; _module_preset=\u00bbdefault\u00bb header_font=\u00bb|600|||||||\u00bb header_text_align=\u00bbcenter\u00bb header_text_color=\u00bb#6D004C\u00bb position_text_align=\u00bbcenter\u00bb position_text_color=\u00bb#F16CB9&#8243; global_colors_info=\u00bb{}\u00bb][\/et_pb_team_member][\/et_pb_column][et_pb_column type=\u00bb1_5&#8243; _builder_version=\u00bb4.27.4&#8243; _module_preset=\u00bbdefault\u00bb global_colors_info=\u00bb{}\u00bb][et_pb_team_member name=\u00bbParra Caballero, Rosa Mar\u00eda (REPRESENTANTE DE LA A.M.P.A. MAYORITARIA)\u00bb position=\u00bbMadres\/Padres\/Tutores\u00bb _builder_version=\u00bb4.27.4&#8243; _module_preset=\u00bbdefault\u00bb header_font=\u00bb|600|||||||\u00bb header_text_align=\u00bbcenter\u00bb header_text_color=\u00bb#6D004C\u00bb position_text_align=\u00bbcenter\u00bb position_text_color=\u00bb#F16CB9&#8243; global_colors_info=\u00bb{}\u00bb][\/et_pb_team_member][\/et_pb_column][\/et_pb_row][et_pb_row column_structure=\u00bb1_5,1_5,1_5,1_5,1_5&#8243; _builder_version=\u00bb4.27.4&#8243; _module_preset=\u00bbdefault\u00bb global_colors_info=\u00bb{}\u00bb][et_pb_column type=\u00bb1_5&#8243; _builder_version=\u00bb4.27.4&#8243; _module_preset=\u00bbdefault\u00bb global_colors_info=\u00bb{}\u00bb][et_pb_team_member name=\u00bbFern\u00e1ndez Barriga, Guadalupe\u00bb position=\u00bbAlumnado\u00bb _builder_version=\u00bb4.27.4&#8243; _module_preset=\u00bbdefault\u00bb header_font=\u00bb|600|||||||\u00bb header_text_align=\u00bbcenter\u00bb header_text_color=\u00bb#6D004C\u00bb position_text_align=\u00bbcenter\u00bb position_text_color=\u00bb#F16CB9&#8243; global_colors_info=\u00bb{}\u00bb][\/et_pb_team_member][\/et_pb_column][et_pb_column type=\u00bb1_5&#8243; _builder_version=\u00bb4.27.4&#8243; _module_preset=\u00bbdefault\u00bb global_colors_info=\u00bb{}\u00bb][et_pb_team_member name=\u00bbLeo Nimo, Sara\u00bb position=\u00bbAlumnado\u00bb _builder_version=\u00bb4.27.4&#8243; _module_preset=\u00bbdefault\u00bb header_font=\u00bb|600|||||||\u00bb header_text_align=\u00bbcenter\u00bb header_text_color=\u00bb#6D004C\u00bb position_text_align=\u00bbcenter\u00bb position_text_color=\u00bb#F16CB9&#8243; global_colors_info=\u00bb{}\u00bb][\/et_pb_team_member][\/et_pb_column][et_pb_column type=\u00bb1_5&#8243; _builder_version=\u00bb4.27.4&#8243; _module_preset=\u00bbdefault\u00bb global_colors_info=\u00bb{}\u00bb][et_pb_team_member name=\u00bbNavarro Panades, Martina\u00bb position=\u00bbAlumnado\u00bb _builder_version=\u00bb4.27.4&#8243; _module_preset=\u00bbdefault\u00bb header_font=\u00bb|600|||||||\u00bb header_text_align=\u00bbcenter\u00bb header_text_color=\u00bb#6D004C\u00bb position_text_align=\u00bbcenter\u00bb position_text_color=\u00bb#F16CB9&#8243; global_colors_info=\u00bb{}\u00bb][\/et_pb_team_member][\/et_pb_column][et_pb_column type=\u00bb1_5&#8243; _builder_version=\u00bb4.27.4&#8243; _module_preset=\u00bbdefault\u00bb global_colors_info=\u00bb{}\u00bb][et_pb_team_member name=\u00bbP\u00e9rez Guti\u00e9rrez, Raquel\u00bb position=\u00bbAlumnado\u00bb _builder_version=\u00bb4.27.4&#8243; _module_preset=\u00bbdefault\u00bb header_font=\u00bb|600|||||||\u00bb header_text_align=\u00bbcenter\u00bb header_text_color=\u00bb#6D004C\u00bb position_text_align=\u00bbcenter\u00bb position_text_color=\u00bb#F16CB9&#8243; global_colors_info=\u00bb{}\u00bb][\/et_pb_team_member][\/et_pb_column][et_pb_column type=\u00bb1_5&#8243; _builder_version=\u00bb4.27.4&#8243; _module_preset=\u00bbdefault\u00bb global_colors_info=\u00bb{}\u00bb][et_pb_team_member name=\u00bbTornero Mu\u00f1oz, Leo\u00bb position=\u00bbAlumnado\u00bb _builder_version=\u00bb4.27.4&#8243; _module_preset=\u00bbdefault\u00bb header_font=\u00bb|600|||||||\u00bb header_text_align=\u00bbcenter\u00bb header_text_color=\u00bb#6D004C\u00bb position_text_align=\u00bbcenter\u00bb position_text_color=\u00bb#F16CB9&#8243; global_colors_info=\u00bb{}\u00bb][\/et_pb_team_member][\/et_pb_column][\/et_pb_row][et_pb_row column_structure=\u00bb1_5,1_5,1_5,1_5,1_5&#8243; _builder_version=\u00bb4.27.4&#8243; _module_preset=\u00bbdefault\u00bb global_colors_info=\u00bb{}\u00bb][et_pb_column type=\u00bb1_5&#8243; _builder_version=\u00bb4.27.4&#8243; _module_preset=\u00bbdefault\u00bb global_colors_info=\u00bb{}\u00bb][et_pb_team_member name=\u00bbBellido Raspao, Carlos Borja\u00bb position=\u00bbPersonal Adm\u00f3n. y Servicios\u00bb _builder_version=\u00bb4.27.4&#8243; _module_preset=\u00bbdefault\u00bb header_font=\u00bb|600|||||||\u00bb header_text_align=\u00bbcenter\u00bb header_text_color=\u00bb#6D004C\u00bb position_text_align=\u00bbcenter\u00bb position_text_color=\u00bb#F16CB9&#8243; global_colors_info=\u00bb{}\u00bb][\/et_pb_team_member][\/et_pb_column][et_pb_column type=\u00bb1_5&#8243; _builder_version=\u00bb4.27.4&#8243; _module_preset=\u00bbdefault\u00bb global_colors_info=\u00bb{}\u00bb][et_pb_team_member name=\u00bbCazalilla Ramos, Lola (CONCEJAL O REPRESENTANTE DEL AYUNTAMIENTO)\u00bb position=\u00bbAyuntamiento\u00bb _builder_version=\u00bb4.27.4&#8243; _module_preset=\u00bbdefault\u00bb header_font=\u00bb|600|||||||\u00bb header_text_align=\u00bbcenter\u00bb header_text_color=\u00bb#6D004C\u00bb position_text_align=\u00bbcenter\u00bb position_text_color=\u00bb#F16CB9&#8243; global_colors_info=\u00bb{}\u00bb][\/et_pb_team_member][\/et_pb_column][et_pb_column type=\u00bb1_5&#8243; _builder_version=\u00bb4.27.4&#8243; _module_preset=\u00bbdefault\u00bb global_colors_info=\u00bb{}\u00bb][\/et_pb_column][et_pb_column type=\u00bb1_5&#8243; _builder_version=\u00bb4.27.4&#8243; _module_preset=\u00bbdefault\u00bb global_colors_info=\u00bb{}\u00bb][\/et_pb_column][et_pb_column type=\u00bb1_5&#8243; _builder_version=\u00bb4.27.4&#8243; _module_preset=\u00bbdefault\u00bb global_colors_info=\u00bb{}\u00bb][\/et_pb_column][\/et_pb_row][\/et_pb_section]<\/p>\n","protected":false},"excerpt":{"rendered":"<p>El Consejo escolar es un \u00f3rgano colegiado de Participaci\u00f3n de la comunidad educativa en el gobierno del centro. La Constituci\u00f3n Espa\u00f1ola, en su art\u00edculo 27, establece que \u00abLos profesores, los padres y, en su caso, los alumnos intervendr\u00e1n en el control y gesti\u00f3n de todos los centros sostenidos por la Administraci\u00f3n con fondos p\u00fablicos\u00bb; este [&hellip;]<\/p>\n","protected":false},"author":11,"featured_media":0,"parent":3659,"menu_order":0,"comment_status":"closed","ping_status":"closed","template":"","meta":{"_et_pb_use_builder":"on","_et_pb_old_content":"<!-- wp:divi\/placeholder \/-->","_et_gb_content_width":"","footnotes":""},"class_list":["post-5674","page","type-page","status-publish","hentry"],"yoast_head":"<!-- This site is optimized with the Yoast SEO plugin v27.5 - https:\/\/yoast.com\/product\/yoast-seo-wordpress\/ -->\n<title>Consejo escolar - IES Fernando Aguilar Quignon<\/title>\n<meta name=\"robots\" content=\"index, follow, max-snippet:-1, max-image-preview:large, max-video-preview:-1\" \/>\n<link rel=\"canonical\" href=\"https:\/\/charming-buck.93-93-118-175.plesk.page\/index.php\/nuestro-centro\/consejo-escolar\/\" \/>\n<meta property=\"og:locale\" content=\"es_ES\" \/>\n<meta property=\"og:type\" content=\"article\" \/>\n<meta property=\"og:title\" content=\"Consejo escolar - IES Fernando Aguilar Quignon\" \/>\n<meta property=\"og:description\" content=\"El Consejo escolar es un \u00f3rgano colegiado de Participaci\u00f3n de la comunidad educativa en el gobierno del centro. La Constituci\u00f3n Espa\u00f1ola, en su art\u00edculo 27, establece que &quot;Los profesores, los padres y, en su caso, los alumnos intervendr\u00e1n en el control y gesti\u00f3n de todos los centros sostenidos por la Administraci\u00f3n con fondos p\u00fablicos&quot;; este [&hellip;]\" \/>\n<meta property=\"og:url\" content=\"https:\/\/charming-buck.93-93-118-175.plesk.page\/index.php\/nuestro-centro\/consejo-escolar\/\" \/>\n<meta property=\"og:site_name\" content=\"IES Fernando Aguilar Quignon\" \/>\n<meta property=\"article:modified_time\" content=\"2025-05-27T20:49:22+00:00\" \/>\n<meta name=\"twitter:card\" content=\"summary_large_image\" \/>\n<script type=\"application\/ld+json\" class=\"yoast-schema-graph\">{\"@context\":\"https:\\\/\\\/schema.org\",\"@graph\":[{\"@type\":\"WebPage\",\"@id\":\"https:\\\/\\\/charming-buck.93-93-118-175.plesk.page\\\/index.php\\\/nuestro-centro\\\/consejo-escolar\\\/\",\"url\":\"https:\\\/\\\/charming-buck.93-93-118-175.plesk.page\\\/index.php\\\/nuestro-centro\\\/consejo-escolar\\\/\",\"name\":\"Consejo escolar - IES Fernando Aguilar Quignon\",\"isPartOf\":{\"@id\":\"https:\\\/\\\/charming-buck.93-93-118-175.plesk.page\\\/#website\"},\"datePublished\":\"2025-05-14T10:59:01+00:00\",\"dateModified\":\"2025-05-27T20:49:22+00:00\",\"breadcrumb\":{\"@id\":\"https:\\\/\\\/charming-buck.93-93-118-175.plesk.page\\\/index.php\\\/nuestro-centro\\\/consejo-escolar\\\/#breadcrumb\"},\"inLanguage\":\"es\",\"potentialAction\":[{\"@type\":\"ReadAction\",\"target\":[\"https:\\\/\\\/charming-buck.93-93-118-175.plesk.page\\\/index.php\\\/nuestro-centro\\\/consejo-escolar\\\/\"]}]},{\"@type\":\"BreadcrumbList\",\"@id\":\"https:\\\/\\\/charming-buck.93-93-118-175.plesk.page\\\/index.php\\\/nuestro-centro\\\/consejo-escolar\\\/#breadcrumb\",\"itemListElement\":[{\"@type\":\"ListItem\",\"position\":1,\"name\":\"Portada\",\"item\":\"https:\\\/\\\/charming-buck.93-93-118-175.plesk.page\\\/\"},{\"@type\":\"ListItem\",\"position\":2,\"name\":\"Nuestro Centro\",\"item\":\"https:\\\/\\\/charming-buck.93-93-118-175.plesk.page\\\/index.php\\\/nuestro-centro\\\/\"},{\"@type\":\"ListItem\",\"position\":3,\"name\":\"Consejo escolar\"}]},{\"@type\":\"WebSite\",\"@id\":\"https:\\\/\\\/charming-buck.93-93-118-175.plesk.page\\\/#website\",\"url\":\"https:\\\/\\\/charming-buck.93-93-118-175.plesk.page\\\/\",\"name\":\"IES Fernando Aguilar Quignon\",\"description\":\"\",\"potentialAction\":[{\"@type\":\"SearchAction\",\"target\":{\"@type\":\"EntryPoint\",\"urlTemplate\":\"https:\\\/\\\/charming-buck.93-93-118-175.plesk.page\\\/?s={search_term_string}\"},\"query-input\":{\"@type\":\"PropertyValueSpecification\",\"valueRequired\":true,\"valueName\":\"search_term_string\"}}],\"inLanguage\":\"es\"}]}<\/script>\n<!-- \/ Yoast SEO plugin. -->","yoast_head_json":{"title":"Consejo escolar - IES Fernando Aguilar Quignon","robots":{"index":"index","follow":"follow","max-snippet":"max-snippet:-1","max-image-preview":"max-image-preview:large","max-video-preview":"max-video-preview:-1"},"canonical":"https:\/\/charming-buck.93-93-118-175.plesk.page\/index.php\/nuestro-centro\/consejo-escolar\/","og_locale":"es_ES","og_type":"article","og_title":"Consejo escolar - IES Fernando Aguilar Quignon","og_description":"El Consejo escolar es un \u00f3rgano colegiado de Participaci\u00f3n de la comunidad educativa en el gobierno del centro. La Constituci\u00f3n Espa\u00f1ola, en su art\u00edculo 27, establece que \"Los profesores, los padres y, en su caso, los alumnos intervendr\u00e1n en el control y gesti\u00f3n de todos los centros sostenidos por la Administraci\u00f3n con fondos p\u00fablicos\"; este [&hellip;]","og_url":"https:\/\/charming-buck.93-93-118-175.plesk.page\/index.php\/nuestro-centro\/consejo-escolar\/","og_site_name":"IES Fernando Aguilar Quignon","article_modified_time":"2025-05-27T20:49:22+00:00","twitter_card":"summary_large_image","schema":{"@context":"https:\/\/schema.org","@graph":[{"@type":"WebPage","@id":"https:\/\/charming-buck.93-93-118-175.plesk.page\/index.php\/nuestro-centro\/consejo-escolar\/","url":"https:\/\/charming-buck.93-93-118-175.plesk.page\/index.php\/nuestro-centro\/consejo-escolar\/","name":"Consejo escolar - IES Fernando Aguilar Quignon","isPartOf":{"@id":"https:\/\/charming-buck.93-93-118-175.plesk.page\/#website"},"datePublished":"2025-05-14T10:59:01+00:00","dateModified":"2025-05-27T20:49:22+00:00","breadcrumb":{"@id":"https:\/\/charming-buck.93-93-118-175.plesk.page\/index.php\/nuestro-centro\/consejo-escolar\/#breadcrumb"},"inLanguage":"es","potentialAction":[{"@type":"ReadAction","target":["https:\/\/charming-buck.93-93-118-175.plesk.page\/index.php\/nuestro-centro\/consejo-escolar\/"]}]},{"@type":"BreadcrumbList","@id":"https:\/\/charming-buck.93-93-118-175.plesk.page\/index.php\/nuestro-centro\/consejo-escolar\/#breadcrumb","itemListElement":[{"@type":"ListItem","position":1,"name":"Portada","item":"https:\/\/charming-buck.93-93-118-175.plesk.page\/"},{"@type":"ListItem","position":2,"name":"Nuestro Centro","item":"https:\/\/charming-buck.93-93-118-175.plesk.page\/index.php\/nuestro-centro\/"},{"@type":"ListItem","position":3,"name":"Consejo escolar"}]},{"@type":"WebSite","@id":"https:\/\/charming-buck.93-93-118-175.plesk.page\/#website","url":"https:\/\/charming-buck.93-93-118-175.plesk.page\/","name":"IES Fernando Aguilar Quignon","description":"","potentialAction":[{"@type":"SearchAction","target":{"@type":"EntryPoint","urlTemplate":"https:\/\/charming-buck.93-93-118-175.plesk.page\/?s={search_term_string}"},"query-input":{"@type":"PropertyValueSpecification","valueRequired":true,"valueName":"search_term_string"}}],"inLanguage":"es"}]}},"_links":{"self":[{"href":"https:\/\/charming-buck.93-93-118-175.plesk.page\/index.php\/wp-json\/wp\/v2\/pages\/5674","targetHints":{"allow":["GET"]}}],"collection":[{"href":"https:\/\/charming-buck.93-93-118-175.plesk.page\/index.php\/wp-json\/wp\/v2\/pages"}],"about":[{"href":"https:\/\/charming-buck.93-93-118-175.plesk.page\/index.php\/wp-json\/wp\/v2\/types\/page"}],"author":[{"embeddable":true,"href":"https:\/\/charming-buck.93-93-118-175.plesk.page\/index.php\/wp-json\/wp\/v2\/users\/11"}],"replies":[{"embeddable":true,"href":"https:\/\/charming-buck.93-93-118-175.plesk.page\/index.php\/wp-json\/wp\/v2\/comments?post=5674"}],"version-history":[{"count":7,"href":"https:\/\/charming-buck.93-93-118-175.plesk.page\/index.php\/wp-json\/wp\/v2\/pages\/5674\/revisions"}],"predecessor-version":[{"id":6106,"href":"https:\/\/charming-buck.93-93-118-175.plesk.page\/index.php\/wp-json\/wp\/v2\/pages\/5674\/revisions\/6106"}],"up":[{"embeddable":true,"href":"https:\/\/charming-buck.93-93-118-175.plesk.page\/index.php\/wp-json\/wp\/v2\/pages\/3659"}],"wp:attachment":[{"href":"https:\/\/charming-buck.93-93-118-175.plesk.page\/index.php\/wp-json\/wp\/v2\/media?parent=5674"}],"curies":[{"name":"wp","href":"https:\/\/api.w.org\/{rel}","templated":true}]}}